{"id":92,"date":"2016-08-16T13:50:09","date_gmt":"2016-08-16T13:50:09","guid":{"rendered":"http:\/\/oikotech.com\/cms\/?page_id=92"},"modified":"2016-09-01T09:32:44","modified_gmt":"2016-09-01T09:32:44","slug":"project-management","status":"publish","type":"page","link":"http:\/\/oikotech.com\/cms\/?page_id=92","title":{"rendered":"Project Management"},"content":{"rendered":"<p>[et_pb_section admin_label=\u00a0\u00bbsection\u00a0\u00bb][et_pb_row admin_label=\u00a0\u00bbrow\u00a0\u00bb][et_pb_column type=\u00a0\u00bb4_4&Prime;][et_pb_text admin_label=\u00a0\u00bbTexte\u00a0\u00bb background_layout=\u00a0\u00bblight\u00a0\u00bb text_orientation=\u00a0\u00bbleft\u00a0\u00bb use_border_color=\u00a0\u00bboff\u00a0\u00bb border_color=\u00a0\u00bb#ffffff\u00a0\u00bb border_style=\u00a0\u00bbsolid\u00a0\u00bb]<\/p>\n<h2>Project Management<\/h2>\n<p>[\/et_pb_text][\/et_pb_column][\/et_pb_row][et_pb_row admin_label=\u00a0\u00bbLigne\u00a0\u00bb][et_pb_column type=\u00a0\u00bb1_2&Prime;][et_pb_text admin_label=\u00a0\u00bbTexte\u00a0\u00bb background_layout=\u00a0\u00bblight\u00a0\u00bb text_orientation=\u00a0\u00bbleft\u00a0\u00bb use_border_color=\u00a0\u00bboff\u00a0\u00bb border_color=\u00a0\u00bb#ffffff\u00a0\u00bb border_style=\u00a0\u00bbsolid\u00a0\u00bb]<\/p>\n<p><strong>OIKOTECH<\/strong> apporte son concours aux ma\u00eetres d\u2019ouvrage pour assurer une livraison des projets dans le respect des trois contraintes principales : qualit\u00e9, d\u00e9lai et respect du budget.<\/p>\n<p>Les missions peuvent \u00eatre globales ou centr\u00e9es sur des t\u00e2ches :<\/p>\n<ul>\n<li>Coordination g\u00e9n\u00e9rale de conception et d\u2019ex\u00e9cution<\/li>\n<li>Mise en application des r\u00e9glementations locales<\/li>\n<li>Direction de chantier<\/li>\n<li>Organisation et planification de chantier<\/li>\n<li>Gestion et pilotage journalier du chantier<\/li>\n<li>Suivi budg\u00e9taire et contr\u00f4le de m\u00e9tr\u00e9s<\/li>\n<li>R\u00e9ception et contr\u00f4le de la conformit\u00e9 des travaux<\/li>\n<li>Montage des dossiers As-Built<\/li>\n<\/ul>\n<p>[\/et_pb_text][\/et_pb_column][et_pb_column type=\u00a0\u00bb1_2&Prime;][et_pb_image admin_label=\u00a0\u00bbImage\u00a0\u00bb src=\u00a0\u00bbhttp:\/\/oikotech.com\/cms\/wp-content\/uploads\/2016\/08\/1.png\u00a0\u00bb show_in_lightbox=\u00a0\u00bboff\u00a0\u00bb url_new_window=\u00a0\u00bboff\u00a0\u00bb use_overlay=\u00a0\u00bboff\u00a0\u00bb animation=\u00a0\u00bbleft\u00a0\u00bb sticky=\u00a0\u00bboff\u00a0\u00bb align=\u00a0\u00bbcenter\u00a0\u00bb force_fullwidth=\u00a0\u00bboff\u00a0\u00bb always_center_on_mobile=\u00a0\u00bbon\u00a0\u00bb use_border_color=\u00a0\u00bboff\u00a0\u00bb border_color=\u00a0\u00bb#ffffff\u00a0\u00bb border_style=\u00a0\u00bbsolid\u00a0\u00bb max_width=\u00a0\u00bb400px\u00a0\u00bb] [\/et_pb_image][\/et_pb_column][\/et_pb_row][\/et_pb_section]<\/p>\n","protected":false},"excerpt":{"rendered":"<p>Project Management OIKOTECH apporte son concours aux ma\u00eetres d\u2019ouvrage pour assurer une livraison des projets dans le respect des trois contraintes principales : qualit\u00e9, d\u00e9lai et respect du budget. Les missions peuvent \u00eatre globales ou centr\u00e9es sur des t\u00e2ches : Coordination g\u00e9n\u00e9rale de conception et d\u2019ex\u00e9cution Mise en application des r\u00e9glementations locales Direction de chantier [&hellip;]<\/p>\n","protected":false},"author":1,"featured_media":0,"parent":0,"menu_order":0,"comment_status":"closed","ping_status":"closed","template":"","meta":{"_et_pb_use_builder":"on","_et_pb_old_content":"","_et_gb_content_width":"","footnotes":""},"class_list":["post-92","page","type-page","status-publish","hentry"],"_links":{"self":[{"href":"http:\/\/oikotech.com\/cms\/index.php?rest_route=\/wp\/v2\/pages\/92","targetHints":{"allow":["GET"]}}],"collection":[{"href":"http:\/\/oikotech.com\/cms\/index.php?rest_route=\/wp\/v2\/pages"}],"about":[{"href":"http:\/\/oikotech.com\/cms\/index.php?rest_route=\/wp\/v2\/types\/page"}],"author":[{"embeddable":true,"href":"http:\/\/oikotech.com\/cms\/index.php?rest_route=\/wp\/v2\/users\/1"}],"replies":[{"embeddable":true,"href":"http:\/\/oikotech.com\/cms\/index.php?rest_route=%2Fwp%2Fv2%2Fcomments&post=92"}],"version-history":[{"count":6,"href":"http:\/\/oikotech.com\/cms\/index.php?rest_route=\/wp\/v2\/pages\/92\/revisions"}],"predecessor-version":[{"id":223,"href":"http:\/\/oikotech.com\/cms\/index.php?rest_route=\/wp\/v2\/pages\/92\/revisions\/223"}],"wp:attachment":[{"href":"http:\/\/oikotech.com\/cms\/index.php?rest_route=%2Fwp%2Fv2%2Fmedia&parent=92"}],"curies":[{"name":"wp","href":"https:\/\/api.w.org\/{rel}","templated":true}]}}