{"id":311,"date":"2016-09-01T13:20:59","date_gmt":"2016-09-01T13:20:59","guid":{"rendered":"http:\/\/oikotech.com\/cms\/?page_id=311"},"modified":"2017-02-12T11:49:46","modified_gmt":"2017-02-12T11:49:46","slug":"mentions-legales","status":"publish","type":"page","link":"http:\/\/oikotech.com\/cms\/?page_id=311","title":{"rendered":"Mentions l\u00e9gales"},"content":{"rendered":"<p>[et_pb_section admin_label=\u00a0\u00bbsection\u00a0\u00bb][et_pb_row admin_label=\u00a0\u00bbrow\u00a0\u00bb][et_pb_column type=\u00a0\u00bb4_4&Prime;][et_pb_text admin_label=\u00a0\u00bbTexte\u00a0\u00bb background_layout=\u00a0\u00bblight\u00a0\u00bb text_orientation=\u00a0\u00bbleft\u00a0\u00bb use_border_color=\u00a0\u00bboff\u00a0\u00bb border_color=\u00a0\u00bb#ffffff\u00a0\u00bb border_style=\u00a0\u00bbsolid\u00a0\u00bb]<\/p>\n<h2>Mentions l\u00e9gales<\/h2>\n<p>&nbsp;<\/p>\n<h3>Identification<\/h3>\n<p>Propri\u00e9taire du site : Quentin De Man, Oikotech, <a href=\"mailto:info@oikotech.com\">info@oikotech.com<\/a><br \/>\nDesign et d\u00e9veloppement :&nbsp;Safe Services, <a href=\"http:\/\/www.safe-services.be\" target=\"_blank\">www.safe-services.be<\/a><\/p>\n<h3>Propri\u00e9t\u00e9 intellectuelle<\/h3>\n<p>Oikotech est une marque d\u00e9pos\u00e9e. Les marques Oikotech, OBTC et toutes autres marques commerciales mentionn\u00e9es sur ce site sont prot\u00e9g\u00e9es par la propri\u00e9t\u00e9 intellectuelle. L\u2019ensemble des \u00e9l\u00e9ments et textes du site oikotech.com est prot\u00e9g\u00e9 par les droits d\u2019auteur. La reproduction, partielle ou totale, de toute \u0153uvre prot\u00e9g\u00e9e au titre du droit d\u2019auteur ou du droit sur la marque est strictement interdite, sauf accord pr\u00e9alable et expr\u00e8s du titulaire du site, y compris pour les documents t\u00e9l\u00e9chargeables et les repr\u00e9sentations. La cr\u00e9ation de liens simples ou profonds vers le site Internet oikotech.com est \u00e9galement interdite, sauf accord pr\u00e9alable et expr\u00e8s du titulaire du site.<\/p>\n<h3>Conditions g\u00e9n\u00e9rales d\u2019utilisation<\/h3>\n<p>Les informations, produits et services pr\u00e9sent\u00e9s sur le site oikotech.com peuvent comporter des inexactitudes commerciales ou techniques. Nous ne garantissons pas l\u2019exactitude, la fiabilit\u00e9 ou l\u2019exhaustivit\u00e9 de toutes les informations obtenues directement ou indirectement sur oikotech.com et ne pouvons donc \u00eatre tenus responsables pour les informations, produits et services pr\u00e9sents sur le site. En utilisant les services du site, vous acceptez les pr\u00e9sentes conditions et mentions d\u2019avertissement.<\/p>\n<h3>Liens vers d\u2019autres sites<\/h3>\n<p>Le site oikotech.com propose des liens vers d\u2019autres sites Internet. Nous ne pouvons exercer un contr\u00f4le sur le contenu et les pratiques de ces sites, ni en assumer la responsabilit\u00e9.<\/p>\n<h3>Accessibilit\u00e9 &amp; dysfonctionnements<\/h3>\n<p>Nous ne pouvons pas \u00eatre tenus responsables pour d\u2019\u00e9ventuelles inaccessibilit\u00e9s temporaires au site dues \u00e0 des \u00e9v\u00e9nements qui \u00e9chappent \u00e0 notre contr\u00f4le (dysfonctionnement, virus, probl\u00e8me de ligne\u2026), ni pour les dommages directs ou indirects qui en d\u00e9coulent. Les utilisateurs du site se d\u00e9clarent conscients des risques li\u00e9s aux sp\u00e9cificit\u00e9s techniques du r\u00e9seau Internet. Nous ne pouvons donc pas garantir ni la confidentialit\u00e9 des \u00e9changes, ni l\u2019interception \u00e9ventuelle des informations \u00e9chang\u00e9es via le site.<\/p>\n<h3>Protection de la vie priv\u00e9e<\/h3>\n<p>Nous collectons des donn\u00e9es personnelles sur les utilisateurs du site oikotech.com. Aucune information n\u2019est collect\u00e9e \u00e0 votre insu. Aucune information n\u2019est c\u00e9d\u00e9e \u00e0 des soci\u00e9t\u00e9s ext\u00e9rieures.<\/p>\n<h3>R\u00e9serves<\/h3>\n<p>Nous nous r\u00e9servons le droit de modifier les pr\u00e9sentes mentions l\u00e9gales du site oikotech.com. Les conditions g\u00e9n\u00e9rales d\u2019utilisation sont r\u00e9gies par la loi luxembourgeoise. Tout litige relatif \u00e0 l\u2019utilisation de oikotech.com est soumis \u00e0 la comp\u00e9tence exclusive des tribunaux de Luxembourg.<\/p>\n<p>[\/et_pb_text][\/et_pb_column][\/et_pb_row][\/et_pb_section]<\/p>\n","protected":false},"excerpt":{"rendered":"<p>Mentions l\u00e9gales &nbsp; Identification Propri\u00e9taire du site : Quentin De Man, Oikotech, info@oikotech.com Design et d\u00e9veloppement :&nbsp;Safe Services, www.safe-services.be Propri\u00e9t\u00e9 intellectuelle Oikotech est une marque d\u00e9pos\u00e9e. Les marques Oikotech, OBTC et toutes autres marques commerciales mentionn\u00e9es sur ce site sont prot\u00e9g\u00e9es par la propri\u00e9t\u00e9 intellectuelle. L\u2019ensemble des \u00e9l\u00e9ments et textes du site oikotech.com est prot\u00e9g\u00e9 [&hellip;]<\/p>\n","protected":false},"author":1,"featured_media":0,"parent":0,"menu_order":0,"comment_status":"closed","ping_status":"closed","template":"","meta":{"_et_pb_use_builder":"on","_et_pb_old_content":"","_et_gb_content_width":"","footnotes":""},"class_list":["post-311","page","type-page","status-publish","hentry"],"_links":{"self":[{"href":"http:\/\/oikotech.com\/cms\/index.php?rest_route=\/wp\/v2\/pages\/311","targetHints":{"allow":["GET"]}}],"collection":[{"href":"http:\/\/oikotech.com\/cms\/index.php?rest_route=\/wp\/v2\/pages"}],"about":[{"href":"http:\/\/oikotech.com\/cms\/index.php?rest_route=\/wp\/v2\/types\/page"}],"author":[{"embeddable":true,"href":"http:\/\/oikotech.com\/cms\/index.php?rest_route=\/wp\/v2\/users\/1"}],"replies":[{"embeddable":true,"href":"http:\/\/oikotech.com\/cms\/index.php?rest_route=%2Fwp%2Fv2%2Fcomments&post=311"}],"version-history":[{"count":5,"href":"http:\/\/oikotech.com\/cms\/index.php?rest_route=\/wp\/v2\/pages\/311\/revisions"}],"predecessor-version":[{"id":422,"href":"http:\/\/oikotech.com\/cms\/index.php?rest_route=\/wp\/v2\/pages\/311\/revisions\/422"}],"wp:attachment":[{"href":"http:\/\/oikotech.com\/cms\/index.php?rest_route=%2Fwp%2Fv2%2Fmedia&parent=311"}],"curies":[{"name":"wp","href":"https:\/\/api.w.org\/{rel}","templated":true}]}}