{"id":190,"date":"2016-08-16T14:48:18","date_gmt":"2016-08-16T14:48:18","guid":{"rendered":"http:\/\/oikotech.com\/cms\/?page_id=190"},"modified":"2016-08-16T14:59:28","modified_gmt":"2016-08-16T14:59:28","slug":"nos-activites","status":"publish","type":"page","link":"http:\/\/oikotech.com\/cms\/?page_id=190","title":{"rendered":"Nos activit\u00e9s"},"content":{"rendered":"<p>[et_pb_section admin_label=\u00a0\u00bbsection\u00a0\u00bb][et_pb_row admin_label=\u00a0\u00bbrow\u00a0\u00bb][et_pb_column type=\u00a0\u00bb1_2&Prime;][et_pb_text admin_label=\u00a0\u00bbTexte\u00a0\u00bb background_layout=\u00a0\u00bblight\u00a0\u00bb text_orientation=\u00a0\u00bbleft\u00a0\u00bb use_border_color=\u00a0\u00bboff\u00a0\u00bb border_color=\u00a0\u00bb#ffffff\u00a0\u00bb border_style=\u00a0\u00bbsolid\u00a0\u00bb]<\/p>\n<p>Gr\u00e2ce aux comp\u00e9tences de nos collaborateurs, nous touchons tout type de constructions (b\u00e2timents tertiaires, immeubles de logements, surfaces commerciales, maisons unifamiliales, \u00e9co-constructions, etc.).<\/p>\n<p>Nous assurons de mani\u00e8re pragmatique la gestion des projets de construction et de r\u00e9novation dans l&rsquo;int\u00e9r\u00eat du client et de son projet.<\/p>\n<p>D\u00e9couvrez l&rsquo;ensemble de nos activit\u00e9s :<\/p>\n<ul>\n<li><a href=\"http:\/\/oikotech.com\/cms\/?page_id=92\">Project management<\/a><\/li>\n<li><a href=\"http:\/\/oikotech.com\/cms\/?page_id=94\">Assistance \u00e0 ma\u00eetrise d&rsquo;ouvrage<\/a><\/li>\n<li><a href=\"http:\/\/oikotech.com\/cms\/?page_id=95\">Consultance en techniques sp\u00e9ciales<\/a><\/li>\n<li><a href=\"http:\/\/oikotech.com\/cms\/?page_id=96\">Space planning<\/a><\/li>\n<li><a href=\"http:\/\/oikotech.com\/cms\/?page_id=97\">Planification de chantier<\/a><\/li>\n<li><a href=\"http:\/\/oikotech.com\/cms\/?page_id=98\">Audit et certification \u00e9nerg\u00e9tique<\/a><\/li>\n<\/ul>\n<p>[\/et_pb_text][\/et_pb_column][et_pb_column type=\u00a0\u00bb1_2&Prime;][et_pb_image admin_label=\u00a0\u00bbImage\u00a0\u00bb src=\u00a0\u00bbhttp:\/\/oikotech.com\/cms\/wp-content\/uploads\/2016\/08\/Fotolia_4322112_M.jpg\u00a0\u00bb show_in_lightbox=\u00a0\u00bboff\u00a0\u00bb url_new_window=\u00a0\u00bboff\u00a0\u00bb use_overlay=\u00a0\u00bboff\u00a0\u00bb animation=\u00a0\u00bbleft\u00a0\u00bb sticky=\u00a0\u00bboff\u00a0\u00bb align=\u00a0\u00bbleft\u00a0\u00bb force_fullwidth=\u00a0\u00bboff\u00a0\u00bb always_center_on_mobile=\u00a0\u00bbon\u00a0\u00bb use_border_color=\u00a0\u00bboff\u00a0\u00bb border_color=\u00a0\u00bb#ffffff\u00a0\u00bb border_style=\u00a0\u00bbsolid\u00a0\u00bb] [\/et_pb_image][\/et_pb_column][\/et_pb_row][\/et_pb_section]<\/p>\n","protected":false},"excerpt":{"rendered":"<p>Gr\u00e2ce aux comp\u00e9tences de nos collaborateurs, nous touchons tout type de constructions (b\u00e2timents tertiaires, immeubles de logements, surfaces commerciales, maisons unifamiliales, \u00e9co-constructions, etc.). Nous assurons de mani\u00e8re pragmatique la gestion des projets de construction et de r\u00e9novation dans l&rsquo;int\u00e9r\u00eat du client et de son projet. D\u00e9couvrez l&rsquo;ensemble de nos activit\u00e9s : Project management Assistance \u00e0 [&hellip;]<\/p>\n","protected":false},"author":1,"featured_media":0,"parent":0,"menu_order":0,"comment_status":"closed","ping_status":"closed","template":"","meta":{"_et_pb_use_builder":"on","_et_pb_old_content":"","_et_gb_content_width":"","footnotes":""},"class_list":["post-190","page","type-page","status-publish","hentry"],"_links":{"self":[{"href":"http:\/\/oikotech.com\/cms\/index.php?rest_route=\/wp\/v2\/pages\/190","targetHints":{"allow":["GET"]}}],"collection":[{"href":"http:\/\/oikotech.com\/cms\/index.php?rest_route=\/wp\/v2\/pages"}],"about":[{"href":"http:\/\/oikotech.com\/cms\/index.php?rest_route=\/wp\/v2\/types\/page"}],"author":[{"embeddable":true,"href":"http:\/\/oikotech.com\/cms\/index.php?rest_route=\/wp\/v2\/users\/1"}],"replies":[{"embeddable":true,"href":"http:\/\/oikotech.com\/cms\/index.php?rest_route=%2Fwp%2Fv2%2Fcomments&post=190"}],"version-history":[{"count":4,"href":"http:\/\/oikotech.com\/cms\/index.php?rest_route=\/wp\/v2\/pages\/190\/revisions"}],"predecessor-version":[{"id":195,"href":"http:\/\/oikotech.com\/cms\/index.php?rest_route=\/wp\/v2\/pages\/190\/revisions\/195"}],"wp:attachment":[{"href":"http:\/\/oikotech.com\/cms\/index.php?rest_route=%2Fwp%2Fv2%2Fmedia&parent=190"}],"curies":[{"name":"wp","href":"https:\/\/api.w.org\/{rel}","templated":true}]}}