{"id":116,"date":"2016-08-16T13:52:41","date_gmt":"2016-08-16T13:52:41","guid":{"rendered":"http:\/\/oikotech.com\/cms\/?page_id=116"},"modified":"2016-09-01T11:47:45","modified_gmt":"2016-09-01T11:47:45","slug":"competences","status":"publish","type":"page","link":"http:\/\/oikotech.com\/cms\/?page_id=116","title":{"rendered":"Comp\u00e9tences"},"content":{"rendered":"<p>[et_pb_section admin_label=\u00a0\u00bbsection\u00a0\u00bb][et_pb_row admin_label=\u00a0\u00bbrow\u00a0\u00bb][et_pb_column type=\u00a0\u00bb4_4&Prime;][et_pb_text admin_label=\u00a0\u00bbTexte\u00a0\u00bb background_layout=\u00a0\u00bblight\u00a0\u00bb text_orientation=\u00a0\u00bbleft\u00a0\u00bb use_border_color=\u00a0\u00bboff\u00a0\u00bb border_color=\u00a0\u00bb#ffffff\u00a0\u00bb border_style=\u00a0\u00bbsolid\u00a0\u00bb]<\/p>\n<h2>COMP\u00c9TENCES<\/h2>\n<p>&nbsp;<\/p>\n<p><strong>OIKOTECH<\/strong>, ceux sont des ing\u00e9nieurs et techniciens qualifi\u00e9s et exp\u00e9riment\u00e9s soucieux de la r\u00e9ussite de vos projets.<\/p>\n<p>Ce sont des profils et des personnes compl\u00e9mentaires r\u00e9unissant des comp\u00e9tences techniques sp\u00e9cifiques ainsi que des comp\u00e9tences de gestion globale de projets tr\u00e8s diverses\u00a0:<\/p>\n<p>&nbsp;<\/p>\n<ul>\n<li>Management d\u2019\u00e9quipe de production de chantier<\/li>\n<li>Management des organisations\u00a0: conception et conduite des projets, n\u00e9gociations avec les partenaires<\/li>\n<li>Formation ORCHESTRA\u00a0: pr\u00e9paration et organisation de chantier<\/li>\n<li>Formation ORCHESTRA\u00a0: planification de chantier, coordination et gestion de projet<\/li>\n<li>Formation ORCHESTRA\u00a0: consultations, optimisation et gestion financi\u00e8re de chantier<\/li>\n<li>Les pompes \u00e0 chaleur et machine de production de froid<\/li>\n<li>Les syst\u00e8mes de r\u00e9cup\u00e9ration de l\u2019\u00e9nergie solaire (Agr\u00e9\u00e9 SOLTHERM)<\/li>\n<li>Les chaudi\u00e8res de chauffage au bois et granul\u00e9s<\/li>\n<li>Les syst\u00e8mes de r\u00e9gulation<\/li>\n<li>Les installations solaires photovolta\u00efques<\/li>\n<li>Les \u00e9tanch\u00e9it\u00e9s et isolations de toitures plates<\/li>\n<li>Les prescriptions\u00a0BREEAM<\/li>\n<li>Les prescriptions\u00a0HQE<\/li>\n<li>La r\u00e9glementation \u00e9nerg\u00e9tique Grand Ducale<\/li>\n<li>Les exigences l\u00e9gales en mati\u00e8re d\u2019environnement et de s\u00e9curit\u00e9 et sant\u00e9 au travail pour les \u00e9tablissements administratifs et commerciaux au Grand Duch\u00e9<\/li>\n<\/ul>\n<p>[\/et_pb_text][\/et_pb_column][\/et_pb_row][\/et_pb_section]<\/p>\n","protected":false},"excerpt":{"rendered":"<p>COMP\u00c9TENCES &nbsp; OIKOTECH, ceux sont des ing\u00e9nieurs et techniciens qualifi\u00e9s et exp\u00e9riment\u00e9s soucieux de la r\u00e9ussite de vos projets. Ce sont des profils et des personnes compl\u00e9mentaires r\u00e9unissant des comp\u00e9tences techniques sp\u00e9cifiques ainsi que des comp\u00e9tences de gestion globale de projets tr\u00e8s diverses\u00a0: &nbsp; Management d\u2019\u00e9quipe de production de chantier Management des organisations\u00a0: conception et [&hellip;]<\/p>\n","protected":false},"author":1,"featured_media":0,"parent":0,"menu_order":0,"comment_status":"closed","ping_status":"closed","template":"","meta":{"_et_pb_use_builder":"on","_et_pb_old_content":"","_et_gb_content_width":"","footnotes":""},"class_list":["post-116","page","type-page","status-publish","hentry"],"_links":{"self":[{"href":"http:\/\/oikotech.com\/cms\/index.php?rest_route=\/wp\/v2\/pages\/116","targetHints":{"allow":["GET"]}}],"collection":[{"href":"http:\/\/oikotech.com\/cms\/index.php?rest_route=\/wp\/v2\/pages"}],"about":[{"href":"http:\/\/oikotech.com\/cms\/index.php?rest_route=\/wp\/v2\/types\/page"}],"author":[{"embeddable":true,"href":"http:\/\/oikotech.com\/cms\/index.php?rest_route=\/wp\/v2\/users\/1"}],"replies":[{"embeddable":true,"href":"http:\/\/oikotech.com\/cms\/index.php?rest_route=%2Fwp%2Fv2%2Fcomments&post=116"}],"version-history":[{"count":6,"href":"http:\/\/oikotech.com\/cms\/index.php?rest_route=\/wp\/v2\/pages\/116\/revisions"}],"predecessor-version":[{"id":287,"href":"http:\/\/oikotech.com\/cms\/index.php?rest_route=\/wp\/v2\/pages\/116\/revisions\/287"}],"wp:attachment":[{"href":"http:\/\/oikotech.com\/cms\/index.php?rest_route=%2Fwp%2Fv2%2Fmedia&parent=116"}],"curies":[{"name":"wp","href":"https:\/\/api.w.org\/{rel}","templated":true}]}}