{"id":114,"date":"2016-08-16T13:52:29","date_gmt":"2016-08-16T13:52:29","guid":{"rendered":"http:\/\/oikotech.com\/cms\/?page_id=114"},"modified":"2016-09-01T11:38:02","modified_gmt":"2016-09-01T11:38:02","slug":"historique","status":"publish","type":"page","link":"http:\/\/oikotech.com\/cms\/?page_id=114","title":{"rendered":"Historique"},"content":{"rendered":"<p>[et_pb_section admin_label=\u00a0\u00bbsection\u00a0\u00bb][et_pb_row admin_label=\u00a0\u00bbrow\u00a0\u00bb][et_pb_column type=\u00a0\u00bb4_4&Prime;][et_pb_text admin_label=\u00a0\u00bbTexte\u00a0\u00bb background_layout=\u00a0\u00bblight\u00a0\u00bb text_orientation=\u00a0\u00bbleft\u00a0\u00bb use_border_color=\u00a0\u00bboff\u00a0\u00bb border_color=\u00a0\u00bb#ffffff\u00a0\u00bb border_style=\u00a0\u00bbsolid\u00a0\u00bb]<\/p>\n<h2>HISTORIQUE<\/h2>\n<p><strong>OIKOTECH<\/strong> est un bureau d\u2019audit et de conseils techniques, fond\u00e9 en 2007 par Quentin De Man.<\/p>\n<p><strong>OIKOTECH<\/strong> assiste et accompagne les Ma\u00eetres d\u2019Ouvrage, Ma\u00eetres d\u2019Oeuvre, chefs de projet et investisseurs dans leurs projets immobiliers.<\/p>\n<p>Nous intervenons depuis la phase de conception jusqu\u2019\u00e0 la r\u00e9ception du chantier suivant les demandes du client.<\/p>\n<p>Gr\u00e2ce aux comp\u00e9tences de nos collaborateurs, nous touchons tout type de constructions (b\u00e2timents tertiaires, immeubles de logements, surfaces commerciales, maisons unifamiliales, \u00e9co-constructions, etc.).<\/p>\n<p>Nous assurons de mani\u00e8re pragmatique la gestion des projets de construction et de r\u00e9novation dans l&rsquo;int\u00e9r\u00eat du client et de son projet.<\/p>\n<p>[\/et_pb_text][\/et_pb_column][\/et_pb_row][\/et_pb_section]<\/p>\n","protected":false},"excerpt":{"rendered":"<p>HISTORIQUE OIKOTECH est un bureau d\u2019audit et de conseils techniques, fond\u00e9 en 2007 par Quentin De Man. OIKOTECH assiste et accompagne les Ma\u00eetres d\u2019Ouvrage, Ma\u00eetres d\u2019Oeuvre, chefs de projet et investisseurs dans leurs projets immobiliers. Nous intervenons depuis la phase de conception jusqu\u2019\u00e0 la r\u00e9ception du chantier suivant les demandes du client. Gr\u00e2ce aux comp\u00e9tences [&hellip;]<\/p>\n","protected":false},"author":1,"featured_media":0,"parent":0,"menu_order":0,"comment_status":"closed","ping_status":"closed","template":"","meta":{"_et_pb_use_builder":"on","_et_pb_old_content":"","_et_gb_content_width":"","footnotes":""},"class_list":["post-114","page","type-page","status-publish","hentry"],"_links":{"self":[{"href":"http:\/\/oikotech.com\/cms\/index.php?rest_route=\/wp\/v2\/pages\/114","targetHints":{"allow":["GET"]}}],"collection":[{"href":"http:\/\/oikotech.com\/cms\/index.php?rest_route=\/wp\/v2\/pages"}],"about":[{"href":"http:\/\/oikotech.com\/cms\/index.php?rest_route=\/wp\/v2\/types\/page"}],"author":[{"embeddable":true,"href":"http:\/\/oikotech.com\/cms\/index.php?rest_route=\/wp\/v2\/users\/1"}],"replies":[{"embeddable":true,"href":"http:\/\/oikotech.com\/cms\/index.php?rest_route=%2Fwp%2Fv2%2Fcomments&post=114"}],"version-history":[{"count":3,"href":"http:\/\/oikotech.com\/cms\/index.php?rest_route=\/wp\/v2\/pages\/114\/revisions"}],"predecessor-version":[{"id":278,"href":"http:\/\/oikotech.com\/cms\/index.php?rest_route=\/wp\/v2\/pages\/114\/revisions\/278"}],"wp:attachment":[{"href":"http:\/\/oikotech.com\/cms\/index.php?rest_route=%2Fwp%2Fv2%2Fmedia&parent=114"}],"curies":[{"name":"wp","href":"https:\/\/api.w.org\/{rel}","templated":true}]}}