{"id":106,"date":"2016-08-16T13:51:54","date_gmt":"2016-08-16T13:51:54","guid":{"rendered":"http:\/\/oikotech.com\/cms\/?page_id=106"},"modified":"2022-01-04T12:22:09","modified_gmt":"2022-01-04T12:22:09","slug":"tarifs","status":"publish","type":"page","link":"http:\/\/oikotech.com\/cms\/?page_id=106","title":{"rendered":"Tarifs"},"content":{"rendered":"<p>[et_pb_section admin_label=\u00a0\u00bbsection\u00a0\u00bb][et_pb_row admin_label=\u00a0\u00bbrow\u00a0\u00bb][et_pb_column type=\u00a0\u00bb4_4&Prime;][et_pb_text admin_label=\u00a0\u00bbTexte\u00a0\u00bb background_layout=\u00a0\u00bblight\u00a0\u00bb text_orientation=\u00a0\u00bbleft\u00a0\u00bb use_border_color=\u00a0\u00bboff\u00a0\u00bb border_color=\u00a0\u00bb#ffffff\u00a0\u00bb border_style=\u00a0\u00bbsolid\u00a0\u00bb]<\/p>\n<h2>TARIFS<\/h2>\n<h3>Passeport \u00e9nerg\u00e9tique<\/h3>\n<p>La tarification d\u2019un passeport \u00e9nerg\u00e9tique est individuelle et d\u00e9pend des facteurs suivants\u00a0:<\/p>\n<ul>\n<li>la complexit\u00e9 de l\u2019immeuble (architecture complexe ou facile)<\/li>\n<li>la surface d\u2019habitation du b\u00e2timent<\/li>\n<li>la mise \u00e0 disposition des plans du b\u00e2timent et l\u2019exactitude de ceux-ci<\/li>\n<li>la mise \u00e0 disposition des donn\u00e9es des mat\u00e9riaux de construction utilis\u00e9s<\/li>\n<\/ul>\n<p>Le prix de base pour une maison unifamiliale est de 460 \u20ac TTC<br \/>\nLe prix de base pour un immeuble \u00e0 appartements est de 890 \u20ac TTC<\/p>\n<p>Par cons\u00e9quent nous vous proposons de <a title=\"Devis\" href=\"http:\/\/oikotech.com\/cms\/?page_id=117\">nous contacter<\/a>, nous serons heureux de vous soumettre un devis gratuit pour le calcul et l\u2019\u00e9tablissement d\u2019un passeport \u00e9nerg\u00e9tique pour votre bien.<\/p>\n<h3><\/h3>\n<h3>Audit \u00e9nerg\u00e9tique<\/h3>\n<p>La tarification d\u2019un audit \u00e9nerg\u00e9tique en conformit\u00e9 avec les exigences du R\u00e8glement grand-ducal du 20 avril 2009 est elle aussi individuelle et est li\u00e9e aux m\u00eames facteurs que ceux requis lors de l\u2019\u00e9tablissement d\u2019un passeport \u00e9nerg\u00e9tique. A savoir\u00a0:<\/p>\n<ul>\n<li>la complexit\u00e9 de l\u2019immeuble (architecture complexe ou facile)<\/li>\n<li>la surface d\u2019habitation du b\u00e2timent<\/li>\n<li>la mise \u00e0 disposition des plans du b\u00e2timent et l\u2019exactitude de ceux-ci<\/li>\n<li>la mise \u00e0 disposition des donn\u00e9es des mat\u00e9riaux de construction utilis\u00e9s<\/li>\n<\/ul>\n<p>Des aides financi\u00e8res de l\u2019Etat luxembourgeois sont disponibles non seulement pour ce type d\u2019audit, mais \u00e9galement pour de nombreuses mesures d\u2019am\u00e9liorations des performances \u00e9nerg\u00e9tiques (isolation, fen\u00eatres, installations techniques, panneaux solaires \u2026). Pour pouvoir b\u00e9n\u00e9ficier de ces aides, il faut que votre b\u00e2timent soit \u00e2g\u00e9 de plus de 10 ans et qu\u2019au moins une des recommandations de l\u2019audit \u00e9nerg\u00e9tique ait \u00e9t\u00e9 r\u00e9alis\u00e9e.<\/p>\n<p>Le prix de base pour un audit \u00e9nerg\u00e9tique simple pour une maison unifamiliale est de 1520 \u20ac TTC<br \/>\nLe prix de base pour un audit \u00e9nerg\u00e9tique simple pour un immeuble \u00e0 appartements est de 2100 \u20ac TTC<\/p>\n<p>Afin de d\u00e9terminer au plus juste le prix de notre mission, nous vous invitons \u00e0 <a title=\"Devis\" href=\"http:\/\/oikotech.com\/cms\/?page_id=117\">nous contacter<\/a>, nous serons heureux de vous soumettre un devis gratuit.<\/p>\n<h3><\/h3>\n<h3>Assistance technique<\/h3>\n<p>La tarification d\u2019une mission d\u2019assistance technique est li\u00e9e \u00e0 la port\u00e9e ainsi qu\u2019\u00e0 la dur\u00e9e de la mission. Afin d\u2019\u00e9tablir un devis pour ce type de mission, un entretien pr\u00e9alable est n\u00e9cessaire.<\/p>\n<p>Aussi nous vous invitions \u00e0 <a title=\"Contact\" href=\"http:\/\/oikotech.com\/cms\/?page_id=117\">nous contacter<\/a> afin de fixer ensemble une date pour cet entretien et vous \u00e9tablir un devis gratuit.<\/p>\n<p>[\/et_pb_text][\/et_pb_column][\/et_pb_row][\/et_pb_section]<\/p>\n","protected":false},"excerpt":{"rendered":"<p>TARIFS Passeport \u00e9nerg\u00e9tique La tarification d\u2019un passeport \u00e9nerg\u00e9tique est individuelle et d\u00e9pend des facteurs suivants\u00a0: la complexit\u00e9 de l\u2019immeuble (architecture complexe ou facile) la surface d\u2019habitation du b\u00e2timent la mise \u00e0 disposition des plans du b\u00e2timent et l\u2019exactitude de ceux-ci la mise \u00e0 disposition des donn\u00e9es des mat\u00e9riaux de construction utilis\u00e9s Le prix de base [&hellip;]<\/p>\n","protected":false},"author":1,"featured_media":0,"parent":0,"menu_order":0,"comment_status":"closed","ping_status":"closed","template":"","meta":{"_et_pb_use_builder":"on","_et_pb_old_content":"","_et_gb_content_width":"","footnotes":""},"class_list":["post-106","page","type-page","status-publish","hentry"],"_links":{"self":[{"href":"http:\/\/oikotech.com\/cms\/index.php?rest_route=\/wp\/v2\/pages\/106","targetHints":{"allow":["GET"]}}],"collection":[{"href":"http:\/\/oikotech.com\/cms\/index.php?rest_route=\/wp\/v2\/pages"}],"about":[{"href":"http:\/\/oikotech.com\/cms\/index.php?rest_route=\/wp\/v2\/types\/page"}],"author":[{"embeddable":true,"href":"http:\/\/oikotech.com\/cms\/index.php?rest_route=\/wp\/v2\/users\/1"}],"replies":[{"embeddable":true,"href":"http:\/\/oikotech.com\/cms\/index.php?rest_route=%2Fwp%2Fv2%2Fcomments&post=106"}],"version-history":[{"count":6,"href":"http:\/\/oikotech.com\/cms\/index.php?rest_route=\/wp\/v2\/pages\/106\/revisions"}],"predecessor-version":[{"id":2452,"href":"http:\/\/oikotech.com\/cms\/index.php?rest_route=\/wp\/v2\/pages\/106\/revisions\/2452"}],"wp:attachment":[{"href":"http:\/\/oikotech.com\/cms\/index.php?rest_route=%2Fwp%2Fv2%2Fmedia&parent=106"}],"curies":[{"name":"wp","href":"https:\/\/api.w.org\/{rel}","templated":true}]}}