{"id":105,"date":"2016-08-16T13:51:50","date_gmt":"2016-08-16T13:51:50","guid":{"rendered":"http:\/\/oikotech.com\/cms\/?page_id=105"},"modified":"2016-09-01T10:20:33","modified_gmt":"2016-09-01T10:20:33","slug":"conseil-en-energie","status":"publish","type":"page","link":"http:\/\/oikotech.com\/cms\/?page_id=105","title":{"rendered":"Conseil en \u00e9nergie"},"content":{"rendered":"<p>[et_pb_section admin_label=\u00a0\u00bbsection\u00a0\u00bb][et_pb_row admin_label=\u00a0\u00bbrow\u00a0\u00bb][et_pb_column type=\u00a0\u00bb4_4&Prime;][et_pb_text admin_label=\u00a0\u00bbTexte\u00a0\u00bb background_layout=\u00a0\u00bblight\u00a0\u00bb text_orientation=\u00a0\u00bbleft\u00a0\u00bb use_border_color=\u00a0\u00bboff\u00a0\u00bb border_color=\u00a0\u00bb#ffffff\u00a0\u00bb border_style=\u00a0\u00bbsolid\u00a0\u00bb]<\/p>\n<h2>CONSEIL EN ENERGIE<\/h2>\n<p>Lors de la conception ou de la r\u00e9novation d\u2019un b\u00e2timent, on est tr\u00e8s souvent confront\u00e9 \u00e0 une quantit\u00e9 impressionnante de choix.<\/p>\n<p><a href=\"http:\/\/oikotech.com\/cms\/wp-content\/uploads\/2016\/08\/23.png\"><img loading=\"lazy\" decoding=\"async\" class=\"alignnone wp-image-253\" src=\"http:\/\/oikotech.com\/cms\/wp-content\/uploads\/2016\/08\/23.png\" alt=\"23\" width=\"600\" height=\"346\" srcset=\"http:\/\/oikotech.com\/cms\/wp-content\/uploads\/2016\/08\/23.png 849w, http:\/\/oikotech.com\/cms\/wp-content\/uploads\/2016\/08\/23-300x173.png 300w, http:\/\/oikotech.com\/cms\/wp-content\/uploads\/2016\/08\/23-768x442.png 768w\" sizes=\"(max-width: 600px) 100vw, 600px\" \/><\/a><\/p>\n<p>Au travers d\u2019une analyse approfondie de votre b\u00e2timent et de ses installations, nous \u00e9laborons des solutions globales d\u2019am\u00e9lioration afin de vous permettre de faire les choix les plus pertinents.<\/p>\n<p>Dans le cadre d\u2019une maison neuve \u00e0 performance \u00e9nerg\u00e9tique \u00e9lev\u00e9e, le conseil en \u00e9nergie doit comprendre une analyse ad\u00e9quate du projet de construction afin d\u2019atteindre au moins les crit\u00e8res \u00ab \u00e0 basse consommation d\u2019\u00e9nergie \u00ab ou passive \u00bb et elle doit comprendre :<\/p>\n<ul>\n<li>Les mesures relatives \u00e0 la physique du b\u00e2timent :<br \/>\n&#8211; am\u00e9liorant la performance \u00e9nerg\u00e9tique de l\u2019enveloppe thermique, limitant les ponts thermiques et assurant une \u00e9tanch\u00e9it\u00e9 appropri\u00e9e ;<br \/>\n&#8211; valorisant l\u2019\u00e9nergie solaire passive (architecture solaire).<\/li>\n<li>Les mesures relatives aux installations techniques (chauffage, eau chaude sanitaire et ventilation), visant \u00e0 am\u00e9liorer la performance \u00e9nerg\u00e9tique de celles-ci et visant le recours renforc\u00e9 aux \u00e9nergies moins polluantes.<\/li>\n<li>Appr\u00e9ciation \u00e9conomique de diff\u00e9rentes variantes (physique du b\u00e2timent et installations techniques).<\/li>\n<li>L\u2019am\u00e9lioration du confort thermique dans le b\u00e2timent<\/li>\n<\/ul>\n<p>&nbsp;<\/p>\n<p>Dans le cadre de l\u2019assainissement d\u2019une maison d\u2019habitation existante, le conseil en \u00e9nergie doit comprendre un inventaire de l\u2019objet en question et d\u00e9gager un concept d\u2019assainissement global, se rapportant \u00e0 la physique du b\u00e2timent et, le cas \u00e9ch\u00e9ant, des installations techniques. Le rapport doit comprendre\u00a0:<\/p>\n<ul>\n<li>une description de l\u2019objet ;<\/li>\n<li>une description de la performance \u00e9nerg\u00e9tique des \u00e9l\u00e9ments de l\u2019enveloppe thermique ;<\/li>\n<li>une estimation qualifi\u00e9e des surfaces des \u00e9l\u00e9ments de l\u2019enveloppe thermique ;<\/li>\n<li>le d\u00e9tail et la localisation des principaux ponts thermiques ;<\/li>\n<li>une appr\u00e9ciation de l\u2019\u00e9tanch\u00e9it\u00e9 de l\u2019enveloppe thermique ;<\/li>\n<li>le cas \u00e9ch\u00e9ant, une analyse des installations techniques (chauffage, ventilation, production eau chaude sanitaire).<\/li>\n<\/ul>\n<p>&nbsp;<\/p>\n<p>Le concept d\u2019assainissement doit comprendre des recommandations relatives \u00e0 :<\/p>\n<ul>\n<li>au moins une variante pour chaque \u00e9l\u00e9ment de l\u2019enveloppe thermique de l\u2019objet\u00a0;<\/li>\n<li>le traitement des principaux ponts thermiques ;<\/li>\n<li>des recommandations visant l\u2019am\u00e9lioration de l\u2019\u00e9tanch\u00e9it\u00e9 de l\u2019enveloppe thermique ;<\/li>\n<li>des recommandations visant la limitation du risque li\u00e9 \u00e0 la condensation d\u2019humidit\u00e9 ;<\/li>\n<li>le cas \u00e9ch\u00e9ant, une proposition d\u2019assainissement des syst\u00e8mes (chauffage, ventilation, production eau chaude sanitaire) mettant en avant les \u00e9nergies moins polluantes ;<\/li>\n<li>des recommandations relatives \u00e0 l\u2019ordre de la mise en \u0153uvre des mesures recommand\u00e9es.<\/li>\n<\/ul>\n<p>[\/et_pb_text][\/et_pb_column][\/et_pb_row][\/et_pb_section]<\/p>\n","protected":false},"excerpt":{"rendered":"<p>CONSEIL EN ENERGIE Lors de la conception ou de la r\u00e9novation d\u2019un b\u00e2timent, on est tr\u00e8s souvent confront\u00e9 \u00e0 une quantit\u00e9 impressionnante de choix. Au travers d\u2019une analyse approfondie de votre b\u00e2timent et de ses installations, nous \u00e9laborons des solutions globales d\u2019am\u00e9lioration afin de vous permettre de faire les choix les plus pertinents. Dans le [&hellip;]<\/p>\n","protected":false},"author":1,"featured_media":0,"parent":0,"menu_order":0,"comment_status":"closed","ping_status":"closed","template":"","meta":{"_et_pb_use_builder":"on","_et_pb_old_content":"","_et_gb_content_width":"","footnotes":""},"class_list":["post-105","page","type-page","status-publish","hentry"],"_links":{"self":[{"href":"http:\/\/oikotech.com\/cms\/index.php?rest_route=\/wp\/v2\/pages\/105","targetHints":{"allow":["GET"]}}],"collection":[{"href":"http:\/\/oikotech.com\/cms\/index.php?rest_route=\/wp\/v2\/pages"}],"about":[{"href":"http:\/\/oikotech.com\/cms\/index.php?rest_route=\/wp\/v2\/types\/page"}],"author":[{"embeddable":true,"href":"http:\/\/oikotech.com\/cms\/index.php?rest_route=\/wp\/v2\/users\/1"}],"replies":[{"embeddable":true,"href":"http:\/\/oikotech.com\/cms\/index.php?rest_route=%2Fwp%2Fv2%2Fcomments&post=105"}],"version-history":[{"count":4,"href":"http:\/\/oikotech.com\/cms\/index.php?rest_route=\/wp\/v2\/pages\/105\/revisions"}],"predecessor-version":[{"id":256,"href":"http:\/\/oikotech.com\/cms\/index.php?rest_route=\/wp\/v2\/pages\/105\/revisions\/256"}],"wp:attachment":[{"href":"http:\/\/oikotech.com\/cms\/index.php?rest_route=%2Fwp%2Fv2%2Fmedia&parent=105"}],"curies":[{"name":"wp","href":"https:\/\/api.w.org\/{rel}","templated":true}]}}