{"id":104,"date":"2016-08-16T13:51:42","date_gmt":"2016-08-16T13:51:42","guid":{"rendered":"http:\/\/oikotech.com\/cms\/?page_id=104"},"modified":"2016-09-12T14:52:32","modified_gmt":"2016-09-12T14:52:32","slug":"energiepass","status":"publish","type":"page","link":"http:\/\/oikotech.com\/cms\/?page_id=104","title":{"rendered":"Energiepass"},"content":{"rendered":"<p>[et_pb_section admin_label=\u00a0\u00bbSection\u00a0\u00bb fullwidth=\u00a0\u00bboff\u00a0\u00bb specialty=\u00a0\u00bboff\u00a0\u00bb][et_pb_row admin_label=\u00a0\u00bbLigne\u00a0\u00bb][et_pb_column type=\u00a0\u00bb4_4&Prime;][et_pb_text admin_label=\u00a0\u00bbTexte\u00a0\u00bb background_layout=\u00a0\u00bblight\u00a0\u00bb text_orientation=\u00a0\u00bbleft\u00a0\u00bb use_border_color=\u00a0\u00bboff\u00a0\u00bb border_color=\u00a0\u00bb#ffffff\u00a0\u00bb border_style=\u00a0\u00bbsolid\u00a0\u00bb]<\/p>\n<h2>Energiepass<\/h2>\n<h3><\/h3>\n<h3>Introduction<\/h3>\n<p>Introduit le 1er janvier 2008 au Grand Duch\u00e9 de Luxembourg, et d\u00e9j\u00e0 en application dans de nombreux pays de l\u2019union europ\u00e9enne, le Certificat de Performance Energ\u00e9tique (CPE ou ENERGIE PASS) est un outil au service de l\u2019am\u00e9lioration des performances \u00e9nerg\u00e9tiques des b\u00e2timents.<\/p>\n<p>Bas\u00e9 sur le syst\u00e8me d\u00e9j\u00e0 connu pour les appareils \u00e9lectrom\u00e9nagers, il classe les b\u00e2timents suivant leur efficacit\u00e9 \u00e9nerg\u00e9tique en partant de la lettre A (la meilleure) \u00e0 la lettre I (la plus mauvaise).<\/p>\n<p>Lecture d\u2019un EnergiePass (= lien vers fichier pdf lecture EnergiePass)<\/p>\n<h3><\/h3>\n<h3>Aujourd&rsquo;hui<\/h3>\n<p>Lors de son entr\u00e9e en vigueur, celui-ci s\u2019appliquait aux nouvelles constructions et aux travaux de r\u00e9novations pour les b\u00e2timents d\u2019habitation.<\/p>\n<p>Aujourd\u2019hui, le Certificat de Performance Energ\u00e9tique est applicable \u00e0 tous les types de b\u00e2timents (\u00e0 quelques exceptions pr\u00e8s). Il vous sera donc r\u00e9clam\u00e9 lors de la vente ou de la location d\u2019un bien, qu\u2019il s\u2019agisse d\u2019un b\u00e2timent d\u2019habitation ou d\u2019un b\u00e2timent fonctionnel, et sera valable pour une dur\u00e9e de 10 ans.<\/p>\n<h3><\/h3>\n<h3>Demain<\/h3>\n<p>La directive 2010\/31\/UE du parlement europ\u00e9en impose aux \u00e9tats membres de relever les crit\u00e8res \u00e9nerg\u00e9tiques pour les nouveaux b\u00e2timents afin de s\u2019aligner sur l\u2019objectif de r\u00e9duction des gaz \u00e0 effet de serre d\u2019ici \u00e0 l\u2019horizon 2020.<\/p>\n<p>Le Grand Duch\u00e9 de Luxembourg a d\u00e9j\u00e0 transpos\u00e9 cette directive en texte de loi et de nouveaux crit\u00e8res ont \u00e9t\u00e9 fix\u00e9s afin d\u2019arriver progressivement au standard passif d\u2019ici \u00e0 2017 pour les nouvelles constructions.<\/p>\n<p>Il est \u00e0 noter aussi que les Certificats de Performances Energ\u00e9tiques d\u00e9j\u00e0 \u00e9mis, doivent faire l\u2019objet d\u2019une mise \u00e0 jour r\u00e9guli\u00e8re afin d\u2019y reprendre les consommations du b\u00e2timent.<\/p>\n<p><img decoding=\"async\" src=\"file:\/\/\/home\/greg\/Documents\/OIKOTECH\/OIKOTECH%20Building%20Technical%20Consulting_files\/ecopasstexteBE.png\" alt=\"Sch\u00e9ma relatif \u00e0 la CPE\" \/><a href=\"http:\/\/oikotech.com\/cms\/wp-content\/uploads\/2016\/08\/ecopasstexteBE.png\"><img loading=\"lazy\" decoding=\"async\" class=\"aligncenter wp-image-233 size-full\" src=\"http:\/\/oikotech.com\/cms\/wp-content\/uploads\/2016\/08\/ecopasstexteBE.png\" alt=\"ecopasstexteBE\" width=\"553\" height=\"263\" srcset=\"http:\/\/oikotech.com\/cms\/wp-content\/uploads\/2016\/08\/ecopasstexteBE.png 553w, http:\/\/oikotech.com\/cms\/wp-content\/uploads\/2016\/08\/ecopasstexteBE-300x143.png 300w\" sizes=\"(max-width: 553px) 100vw, 553px\" \/><\/a><\/p>\n<p>[\/et_pb_text][\/et_pb_column][\/et_pb_row][\/et_pb_section][et_pb_section admin_label=\u00a0\u00bbSection\u00a0\u00bb global_module=\u00a0\u00bb249&Prime; fullwidth=\u00a0\u00bboff\u00a0\u00bb specialty=\u00a0\u00bboff\u00a0\u00bb transparent_background=\u00a0\u00bboff\u00a0\u00bb background_color=\u00a0\u00bb#0096da\u00a0\u00bb allow_player_pause=\u00a0\u00bboff\u00a0\u00bb inner_shadow=\u00a0\u00bboff\u00a0\u00bb parallax=\u00a0\u00bboff\u00a0\u00bb parallax_method=\u00a0\u00bboff\u00a0\u00bb padding_mobile=\u00a0\u00bboff\u00a0\u00bb make_fullwidth=\u00a0\u00bboff\u00a0\u00bb use_custom_width=\u00a0\u00bboff\u00a0\u00bb width_unit=\u00a0\u00bbon\u00a0\u00bb make_equal=\u00a0\u00bboff\u00a0\u00bb use_custom_gutter=\u00a0\u00bboff\u00a0\u00bb custom_padding=\u00a0\u00bb15px|||15px\u00a0\u00bb][et_pb_row global_parent=\u00a0\u00bb249&Prime; admin_label=\u00a0\u00bbLigne\u00a0\u00bb make_fullwidth=\u00a0\u00bboff\u00a0\u00bb use_custom_width=\u00a0\u00bboff\u00a0\u00bb width_unit=\u00a0\u00bbon\u00a0\u00bb use_custom_gutter=\u00a0\u00bboff\u00a0\u00bb padding_mobile=\u00a0\u00bboff\u00a0\u00bb allow_player_pause=\u00a0\u00bboff\u00a0\u00bb parallax=\u00a0\u00bboff\u00a0\u00bb parallax_method=\u00a0\u00bboff\u00a0\u00bb make_equal=\u00a0\u00bboff\u00a0\u00bb parallax_1=\u00a0\u00bboff\u00a0\u00bb parallax_method_1=\u00a0\u00bboff\u00a0\u00bb column_padding_mobile=\u00a0\u00bbon\u00a0\u00bb][et_pb_column type=\u00a0\u00bb4_4&Prime;][et_pb_cta global_parent=\u00a0\u00bb249&Prime; admin_label=\u00a0\u00bbAppel d&rsquo;action\u00a0\u00bb title=\u00a0\u00bbVous d\u00e9sirez de plus amples informations ?\u00a0\u00bb button_url=\u00a0\u00bbhttp:\/\/oikotech.com\/cms\/?page_id=107&Prime; url_new_window=\u00a0\u00bboff\u00a0\u00bb button_text=\u00a0\u00bbContactez-nous !\u00a0\u00bb use_background_color=\u00a0\u00bbon\u00a0\u00bb background_color=\u00a0\u00bb#0096da\u00a0\u00bb background_layout=\u00a0\u00bbdark\u00a0\u00bb text_orientation=\u00a0\u00bbcenter\u00a0\u00bb use_border_color=\u00a0\u00bboff\u00a0\u00bb border_color=\u00a0\u00bb#ffffff\u00a0\u00bb border_style=\u00a0\u00bbsolid\u00a0\u00bb custom_button=\u00a0\u00bboff\u00a0\u00bb button_letter_spacing=\u00a0\u00bb0&Prime; button_use_icon=\u00a0\u00bbdefault\u00a0\u00bb button_icon_placement=\u00a0\u00bbright\u00a0\u00bb button_on_hover=\u00a0\u00bbon\u00a0\u00bb button_letter_spacing_hover=\u00a0\u00bb0&Prime;]<\/p>\n<p>Nous nous ferons un plaisir de vous rencontrer et de discuter ensemble de votre projet.<\/p>\n<p>[\/et_pb_cta][\/et_pb_column][\/et_pb_row][\/et_pb_section]<\/p>\n","protected":false},"excerpt":{"rendered":"<p>Energiepass Introduction Introduit le 1er janvier 2008 au Grand Duch\u00e9 de Luxembourg, et d\u00e9j\u00e0 en application dans de nombreux pays de l\u2019union europ\u00e9enne, le Certificat de Performance Energ\u00e9tique (CPE ou ENERGIE PASS) est un outil au service de l\u2019am\u00e9lioration des performances \u00e9nerg\u00e9tiques des b\u00e2timents. Bas\u00e9 sur le syst\u00e8me d\u00e9j\u00e0 connu pour les appareils \u00e9lectrom\u00e9nagers, il [&hellip;]<\/p>\n","protected":false},"author":1,"featured_media":0,"parent":0,"menu_order":0,"comment_status":"closed","ping_status":"closed","template":"","meta":{"_et_pb_use_builder":"on","_et_pb_old_content":"","_et_gb_content_width":"","footnotes":""},"class_list":["post-104","page","type-page","status-publish","hentry"],"_links":{"self":[{"href":"http:\/\/oikotech.com\/cms\/index.php?rest_route=\/wp\/v2\/pages\/104","targetHints":{"allow":["GET"]}}],"collection":[{"href":"http:\/\/oikotech.com\/cms\/index.php?rest_route=\/wp\/v2\/pages"}],"about":[{"href":"http:\/\/oikotech.com\/cms\/index.php?rest_route=\/wp\/v2\/types\/page"}],"author":[{"embeddable":true,"href":"http:\/\/oikotech.com\/cms\/index.php?rest_route=\/wp\/v2\/users\/1"}],"replies":[{"embeddable":true,"href":"http:\/\/oikotech.com\/cms\/index.php?rest_route=%2Fwp%2Fv2%2Fcomments&post=104"}],"version-history":[{"count":20,"href":"http:\/\/oikotech.com\/cms\/index.php?rest_route=\/wp\/v2\/pages\/104\/revisions"}],"predecessor-version":[{"id":339,"href":"http:\/\/oikotech.com\/cms\/index.php?rest_route=\/wp\/v2\/pages\/104\/revisions\/339"}],"wp:attachment":[{"href":"http:\/\/oikotech.com\/cms\/index.php?rest_route=%2Fwp%2Fv2%2Fmedia&parent=104"}],"curies":[{"name":"wp","href":"https:\/\/api.w.org\/{rel}","templated":true}]}}